{"id":6087,"date":"2021-07-19T08:40:42","date_gmt":"2021-07-19T08:40:42","guid":{"rendered":"https:\/\/ascensoresramase.com\/?page_id=6087"},"modified":"2021-07-21T13:35:43","modified_gmt":"2021-07-21T13:35:43","slug":"politica-de-privacitat","status":"publish","type":"page","link":"https:\/\/ascensoresramase.com\/ca\/politica-de-privacitat\/","title":{"rendered":"Pol\u00edtica de privacitat"},"content":{"rendered":"<div class=\"fusion-fullwidth fullwidth-box fusion-builder-row-1 fusion-flex-container nonhundred-percent-fullwidth non-hundred-percent-height-scrolling\" style=\"--awb-border-radius-top-left:0px;--awb-border-radius-top-right:0px;--awb-border-radius-bottom-right:0px;--awb-border-radius-bottom-left:0px;--awb-flex-wrap:wrap;\" ><div class=\"fusion-builder-row fusion-row fusion-flex-align-items-flex-start fusion-flex-content-wrap\" style=\"max-width:1248px;margin-left: calc(-4% \/ 2 );margin-right: calc(-4% \/ 2 );\"><div class=\"fusion-layout-column fusion_builder_column fusion-builder-column-0 fusion_builder_column_1_1 1_1 fusion-flex-column\" style=\"--awb-bg-size:cover;--awb-width-large:100%;--awb-margin-top-large:0px;--awb-spacing-right-large:1.92%;--awb-margin-bottom-large:20px;--awb-spacing-left-large:1.92%;--awb-width-medium:100%;--awb-order-medium:0;--awb-spacing-right-medium:1.92%;--awb-spacing-left-medium:1.92%;--awb-width-small:100%;--awb-order-small:0;--awb-spacing-right-small:1.92%;--awb-spacing-left-small:1.92%;\"><div class=\"fusion-column-wrapper fusion-column-has-shadow fusion-flex-justify-content-flex-start fusion-content-layout-column\"><div class=\"fusion-text fusion-text-1\" style=\"--awb-content-alignment:justify;\"><p><strong>1.INFORMACI\u00d3 A L&#8217;USUARI<\/strong><br \/>\n<strong>\u00bfQui es el responsable del tractament de les teves dades personals?<\/strong><\/p>\n<p>RAMASE SA, des d\u2019ara RESPONSABLE, \u00e9s el Responsable del Tractament de les dades personals de l\u2019Usuari i l\u2019informa que aquestes dades seran tractades de conformitat amb el que disposa el Reglament (UE) 2016\/679 de 27 d\u2019abril de 2016 (GDPR) i la Llei Org\u00e0nica 3\/2018, de 5 de desembre (LOPDGDD).<\/p>\n<p><strong>\u00bfPer a qu\u00e8 tractem les teves dades personals i per qu\u00e8 ho fem?<\/strong><br \/>\nSegons el formulari on haguem obtingut les teves dades personals, els tractarem de manera confidencial per aconseguir els<br \/>\nseg\u00fcents fins:<\/p>\n<p>Al formulario <strong>Contacte<\/strong><\/p>\n<ul>\n<li>Donar resposta a les consultes o qualsevol tipus de petici\u00f3 que sigui realtizada per l&#8217;usuari a trav\u00e9s de qualsevol de les formes de contacte que es posen a disposici\u00f3 a la p\u00e0gina web del responsable.<br \/>\n(por el inter\u00e8s leg\u00edtim del responsable, art. 6.1.f GDPR)<\/li>\n<li>Remisi\u00f3 de comunicacions comercials publicit\u00e0ries per e-mail, fax, SMS, MMS, comunitats socials o qualsevol altre mitj\u00e0 electr\u00f2nic o f\u00edsic, present o futur, que possibiliti realitzar comunicacions comercials.<br \/>\nAquestes comunicacions seran realitzades pel responsable i relacionades amb els seus productes i serveis, o dels seus col\u00b7laboradors o prove\u00efdors amb els que aquest hagi arribat a cap acord de promoci\u00f3. En aquest cas, els tercers mai tindran acc\u00e9s a les dades personals.<br \/>\n(pel consentiment de l&#8217;interessat, 6.1.a GDPR)<\/li>\n<li>Realitzar an\u00e0lisi estad\u00edstics i estudis de mercat.<br \/>\n(per l&#8217;inter\u00e8s leg\u00edtim del responsable, art. 6.1.f GDPR)<\/li>\n<\/ul>\n<p>Al formulari <strong>Curr\u00edculum<\/strong><\/p>\n<ul>\n<li>Fer part\u00edcip a l&#8217;interessat als processos de selecci\u00f3 de personal i analitzar el perfil del sol\u00b7licitant amb l&#8217;objecte de seleccionar un candidat per al lloc vacant del responsable.<br \/>\n(pel consentiment de l&#8217;interessat, 6.1.a GDPR)<\/li>\n<\/ul>\n<p>Al Formulari <strong>Sol\u00b7licita pressupost<\/strong><\/p>\n<ul>\n<li>Enviar pressupostos comercials sobre productes i serveis.<br \/>\n(per la execuci\u00f3 d&#8217;un contracte o precontracte, 6.1.b GDPR)<\/li>\n<li>Remisi\u00f3 de comunicacions comercials publicit\u00e0ries per e-mail, fax, SMS, MMS, comunitats socials o qualsevol altre mitj\u00e0 electr\u00f2nic o f\u00edsic, present o futur, que possibiliti realitzar comunicacions comercials.<br \/>\nAquestes comunicacions seran realitzades pel responsable i relacionades sobre els seus productes i serveis, o dels seus col\u00b7laboradors o prove\u00efdors amb els que aquest hagi arribat a cap acord de promoci\u00f3. En aquest cas, els tercers mai tindran acc\u00e8s a les dades personals.<br \/>\n(pel consentiment de l&#8217;interessat, 6.1.a GDPR)<\/li>\n<\/ul>\n<p><strong>\u00bfQuant de temps guardarem les teves dades personals?<\/strong><br \/>\nEs conservaran durant no m\u00e9s temps del necessari per mantenir la fi del tractament o existeixin prescripcions legals que dictaminin la seva custodia i quan ja no sigui necessari per a aix\u00f2, es suprimiran amb mesures de seguretat adequades per garantir la anonimitzaci\u00f3 de les dades o la destrucci\u00f3 total de les mateixes.<\/p>\n<p><strong>\u00bfA qui facilitem les teves dades personals?<\/strong><br \/>\nNo esta prevista cap comunicaci\u00f3 de dades personals a tercers llevat, si fos necessari pel desenvolupament i execuci\u00f3 de les finalitats del tractament, als nostres prove\u00efdors de serveis relacionats amb comunicacions, amb les quals el RESPONSABLE te subscrits els contractes de confidencialitat i de c\u00e0rrec de tractament exigits per la normativa vigent de privacitat.<\/p>\n<p><strong>\u00bfQuins s\u00f3n els teus drets?<\/strong><br \/>\nEls drets que assisteixen a l&#8217;USUARI s\u00f3n:<\/p>\n<ul>\n<li>Dret a retirar el consentiment en qualsevol moment.<\/li>\n<li>Dret d&#8217;acc\u00e9s, rectificaci\u00f3, portabilitat i supressi\u00f3 de les seves dades, i de limitaci\u00f3 u oposici\u00f3 al seu tractament.<\/li>\n<li>Dret a presentar una reclamaci\u00f3 davant l&#8217;autoritat de control (www.aepd.es) si considera que el tractament no s&#8217;ajusta a la normativa vigent.<\/li>\n<\/ul>\n<p><strong>Dades de contacte per exercir els seus drets<\/strong>:<br \/>\nRAMASE SA. C\/ La Ciencia, 20 &#8211; 08850 GAVA (Barcelona). E-mail: jtejero@ascensoresramase.com<\/p>\n<p><strong>2. CAR\u00c0CTER OBLIGATORI O FACULTATIU DE LA INFORMACI\u00d3 FACILITADA PER L&#8217;USUARI<\/strong><\/p>\n<p>Els USUARIS, mitjan\u00e7ant la marcaci\u00f3 de les caselles corresponents i l&#8217;entrada de dades als camps, marcats amb un asterisc (*) al formulari de contacte o presentats als formularis de desc\u00e0rrega, accepten expressament i de manera lliure i inequ\u00edvoca, que les seves dades s\u00f3n necess\u00e0ries per atendre la seva petici\u00f3, per part del prestador, sent volunt\u00e0ria la inclusi\u00f3 de dades als camps restants. L&#8217;USUARI garanteix que les dades personals facilitades al RESPONSABLE son veraces i es fa responsable de comunicar qualsevol modificaci\u00f3 de les mateixes.<\/p>\n<p>El RESPONSABLE informa de que totes les dades sol\u00b7licitades a trav\u00e9s del lloc web s\u00f3n obligatories, ja que s\u00f3n necess\u00e0ries per a la prestaci\u00f3 d&#8217;un servei \u00f2ptim a l&#8217;USUARI. En cas que no es facilitin totes les dades, no es garanteix que la informaci\u00f3 i serveis facilitats siguin completament ajustats a les seves necessitats.<\/p>\n<p><strong>3. MESURES DE SEGURETAT<\/strong><\/p>\n<p>Que de conformitat amb el que disposen les normatives vigents en protecci\u00f3 de dades personals, el RESPONSABLE est\u00e0 complint amb totes les disposicions de les normatives GDPR per al tractament<br \/>\nde les dades personals de la seva responsabilitat, i manifestament amb els principis descrits a l\u2019article 5 de l\u2019GDPR, pels qual s\u00f3n tractats de manera l\u00edcita, lleial i transparent en relaci\u00f3 amb l\u2019interessat i adequades, pertinents i limitats al que necessari en relaci\u00f3 amb els fins per als quals s\u00f3n tractats.<\/p>\n<p>El RESPONSABLE garanteix que ha implementat pol\u00edtiques t\u00e8cniques i organitzatives apropiades per aplicar les mesures de seguretat que estableixen l\u2019GDPR per tal de protegir els drets i llibertats dels Usuaris i els ha comunicat la informaci\u00f3 adequada perqu\u00e8 puguin exercir-los.<\/p>\n<p>Per a m\u00e9s informaci\u00f3 sobre las garanties de privacitat, et pots dirigir al RESPONSABLE a trav\u00e9s de RAMASE SA. C\/ La Ciencia, 20 &#8211; 08850 GAVA (Barcelona). E-mail: jtejero@ascensoresramase.com<\/p>\n<\/div><\/div><\/div><\/div><\/div>\n","protected":false},"excerpt":{"rendered":"","protected":false},"author":1,"featured_media":6075,"parent":0,"menu_order":0,"comment_status":"closed","ping_status":"closed","template":"","meta":{"footnotes":""},"class_list":["post-6087","page","type-page","status-publish","has-post-thumbnail","hentry"],"yoast_head":"<!-- This site is optimized with the Yoast SEO plugin v27.3 - https:\/\/yoast.com\/product\/yoast-seo-wordpress\/ -->\n<title>Pol\u00edtica de privacitat | Ascensors Ramase<\/title>\n<meta name=\"description\" content=\"Pol\u00edtica de privacitat de ascensoresramase.com\" \/>\n<meta name=\"robots\" content=\"index, follow, max-snippet:-1, max-image-preview:large, max-video-preview:-1\" \/>\n<link rel=\"canonical\" href=\"https:\/\/ascensoresramase.com\/ca\/politica-de-privacitat\/\" \/>\n<meta property=\"og:locale\" content=\"ca_ES\" \/>\n<meta property=\"og:type\" content=\"article\" \/>\n<meta property=\"og:title\" content=\"Pol\u00edtica de privacitat | Ascensors Ramase\" \/>\n<meta property=\"og:description\" content=\"Pol\u00edtica de privacitat de ascensoresramase.com\" \/>\n<meta property=\"og:url\" content=\"https:\/\/ascensoresramase.com\/ca\/politica-de-privacitat\/\" \/>\n<meta property=\"og:site_name\" content=\"Empresa mantenimiento ascensores Barcelona - Ascensores Ramase\" \/>\n<meta property=\"article:modified_time\" content=\"2021-07-21T13:35:43+00:00\" \/>\n<meta property=\"og:image\" content=\"https:\/\/ascensoresramase.com\/wp-content\/uploads\/cabecera-aviso-legal-1.jpg\" \/>\n\t<meta property=\"og:image:width\" content=\"1920\" \/>\n\t<meta property=\"og:image:height\" content=\"370\" \/>\n\t<meta property=\"og:image:type\" content=\"image\/jpeg\" \/>\n<meta name=\"twitter:card\" content=\"summary_large_image\" \/>\n<meta name=\"twitter:label1\" content=\"Temps estimat de lectura\" \/>\n\t<meta name=\"twitter:data1\" content=\"8 minuts\" \/>\n<script type=\"application\/ld+json\" class=\"yoast-schema-graph\">{\"@context\":\"https:\\\/\\\/schema.org\",\"@graph\":[{\"@type\":\"WebPage\",\"@id\":\"https:\\\/\\\/ascensoresramase.com\\\/ca\\\/politica-de-privacitat\\\/\",\"url\":\"https:\\\/\\\/ascensoresramase.com\\\/ca\\\/politica-de-privacitat\\\/\",\"name\":\"Pol\u00edtica de privacitat | Ascensors Ramase\",\"isPartOf\":{\"@id\":\"https:\\\/\\\/ascensoresramase.com\\\/ca\\\/#website\"},\"primaryImageOfPage\":{\"@id\":\"https:\\\/\\\/ascensoresramase.com\\\/ca\\\/politica-de-privacitat\\\/#primaryimage\"},\"image\":{\"@id\":\"https:\\\/\\\/ascensoresramase.com\\\/ca\\\/politica-de-privacitat\\\/#primaryimage\"},\"thumbnailUrl\":\"https:\\\/\\\/ascensoresramase.com\\\/wp-content\\\/uploads\\\/cabecera-aviso-legal-1.jpg\",\"datePublished\":\"2021-07-19T08:40:42+00:00\",\"dateModified\":\"2021-07-21T13:35:43+00:00\",\"description\":\"Pol\u00edtica de privacitat de ascensoresramase.com\",\"breadcrumb\":{\"@id\":\"https:\\\/\\\/ascensoresramase.com\\\/ca\\\/politica-de-privacitat\\\/#breadcrumb\"},\"inLanguage\":\"ca\",\"potentialAction\":[{\"@type\":\"ReadAction\",\"target\":[\"https:\\\/\\\/ascensoresramase.com\\\/ca\\\/politica-de-privacitat\\\/\"]}]},{\"@type\":\"ImageObject\",\"inLanguage\":\"ca\",\"@id\":\"https:\\\/\\\/ascensoresramase.com\\\/ca\\\/politica-de-privacitat\\\/#primaryimage\",\"url\":\"https:\\\/\\\/ascensoresramase.com\\\/wp-content\\\/uploads\\\/cabecera-aviso-legal-1.jpg\",\"contentUrl\":\"https:\\\/\\\/ascensoresramase.com\\\/wp-content\\\/uploads\\\/cabecera-aviso-legal-1.jpg\",\"width\":1920,\"height\":370},{\"@type\":\"BreadcrumbList\",\"@id\":\"https:\\\/\\\/ascensoresramase.com\\\/ca\\\/politica-de-privacitat\\\/#breadcrumb\",\"itemListElement\":[{\"@type\":\"ListItem\",\"position\":1,\"name\":\"Inicio\",\"item\":\"https:\\\/\\\/ascensoresramase.com\\\/ca\\\/\"},{\"@type\":\"ListItem\",\"position\":2,\"name\":\"Pol\u00edtica de privacitat\"}]},{\"@type\":\"WebSite\",\"@id\":\"https:\\\/\\\/ascensoresramase.com\\\/ca\\\/#website\",\"url\":\"https:\\\/\\\/ascensoresramase.com\\\/ca\\\/\",\"name\":\"Empresa mantenimiento ascensores Barcelona - Ascensores Ramase\",\"description\":\"\",\"publisher\":{\"@id\":\"https:\\\/\\\/ascensoresramase.com\\\/ca\\\/#organization\"},\"potentialAction\":[{\"@type\":\"SearchAction\",\"target\":{\"@type\":\"EntryPoint\",\"urlTemplate\":\"https:\\\/\\\/ascensoresramase.com\\\/ca\\\/?s={search_term_string}\"},\"query-input\":{\"@type\":\"PropertyValueSpecification\",\"valueRequired\":true,\"valueName\":\"search_term_string\"}}],\"inLanguage\":\"ca\"},{\"@type\":\"Organization\",\"@id\":\"https:\\\/\\\/ascensoresramase.com\\\/ca\\\/#organization\",\"name\":\"RAMASE, S.A\",\"url\":\"https:\\\/\\\/ascensoresramase.com\\\/ca\\\/\",\"logo\":{\"@type\":\"ImageObject\",\"inLanguage\":\"ca\",\"@id\":\"https:\\\/\\\/ascensoresramase.com\\\/ca\\\/#\\\/schema\\\/logo\\\/image\\\/\",\"url\":\"https:\\\/\\\/ascensoresramase.com\\\/wp-content\\\/uploads\\\/LOGO_ramase-web-1.png\",\"contentUrl\":\"https:\\\/\\\/ascensoresramase.com\\\/wp-content\\\/uploads\\\/LOGO_ramase-web-1.png\",\"width\":234,\"height\":150,\"caption\":\"RAMASE, S.A\"},\"image\":{\"@id\":\"https:\\\/\\\/ascensoresramase.com\\\/ca\\\/#\\\/schema\\\/logo\\\/image\\\/\"}}]}<\/script>\n<!-- \/ Yoast SEO plugin. -->","yoast_head_json":{"title":"Pol\u00edtica de privacitat | Ascensors Ramase","description":"Pol\u00edtica de privacitat de ascensoresramase.com","robots":{"index":"index","follow":"follow","max-snippet":"max-snippet:-1","max-image-preview":"max-image-preview:large","max-video-preview":"max-video-preview:-1"},"canonical":"https:\/\/ascensoresramase.com\/ca\/politica-de-privacitat\/","og_locale":"ca_ES","og_type":"article","og_title":"Pol\u00edtica de privacitat | Ascensors Ramase","og_description":"Pol\u00edtica de privacitat de ascensoresramase.com","og_url":"https:\/\/ascensoresramase.com\/ca\/politica-de-privacitat\/","og_site_name":"Empresa mantenimiento ascensores Barcelona - Ascensores Ramase","article_modified_time":"2021-07-21T13:35:43+00:00","og_image":[{"width":1920,"height":370,"url":"https:\/\/ascensoresramase.com\/wp-content\/uploads\/cabecera-aviso-legal-1.jpg","type":"image\/jpeg"}],"twitter_card":"summary_large_image","twitter_misc":{"Temps estimat de lectura":"8 minuts"},"schema":{"@context":"https:\/\/schema.org","@graph":[{"@type":"WebPage","@id":"https:\/\/ascensoresramase.com\/ca\/politica-de-privacitat\/","url":"https:\/\/ascensoresramase.com\/ca\/politica-de-privacitat\/","name":"Pol\u00edtica de privacitat | Ascensors Ramase","isPartOf":{"@id":"https:\/\/ascensoresramase.com\/ca\/#website"},"primaryImageOfPage":{"@id":"https:\/\/ascensoresramase.com\/ca\/politica-de-privacitat\/#primaryimage"},"image":{"@id":"https:\/\/ascensoresramase.com\/ca\/politica-de-privacitat\/#primaryimage"},"thumbnailUrl":"https:\/\/ascensoresramase.com\/wp-content\/uploads\/cabecera-aviso-legal-1.jpg","datePublished":"2021-07-19T08:40:42+00:00","dateModified":"2021-07-21T13:35:43+00:00","description":"Pol\u00edtica de privacitat de ascensoresramase.com","breadcrumb":{"@id":"https:\/\/ascensoresramase.com\/ca\/politica-de-privacitat\/#breadcrumb"},"inLanguage":"ca","potentialAction":[{"@type":"ReadAction","target":["https:\/\/ascensoresramase.com\/ca\/politica-de-privacitat\/"]}]},{"@type":"ImageObject","inLanguage":"ca","@id":"https:\/\/ascensoresramase.com\/ca\/politica-de-privacitat\/#primaryimage","url":"https:\/\/ascensoresramase.com\/wp-content\/uploads\/cabecera-aviso-legal-1.jpg","contentUrl":"https:\/\/ascensoresramase.com\/wp-content\/uploads\/cabecera-aviso-legal-1.jpg","width":1920,"height":370},{"@type":"BreadcrumbList","@id":"https:\/\/ascensoresramase.com\/ca\/politica-de-privacitat\/#breadcrumb","itemListElement":[{"@type":"ListItem","position":1,"name":"Inicio","item":"https:\/\/ascensoresramase.com\/ca\/"},{"@type":"ListItem","position":2,"name":"Pol\u00edtica de privacitat"}]},{"@type":"WebSite","@id":"https:\/\/ascensoresramase.com\/ca\/#website","url":"https:\/\/ascensoresramase.com\/ca\/","name":"Empresa mantenimiento ascensores Barcelona - Ascensores Ramase","description":"","publisher":{"@id":"https:\/\/ascensoresramase.com\/ca\/#organization"},"potentialAction":[{"@type":"SearchAction","target":{"@type":"EntryPoint","urlTemplate":"https:\/\/ascensoresramase.com\/ca\/?s={search_term_string}"},"query-input":{"@type":"PropertyValueSpecification","valueRequired":true,"valueName":"search_term_string"}}],"inLanguage":"ca"},{"@type":"Organization","@id":"https:\/\/ascensoresramase.com\/ca\/#organization","name":"RAMASE, S.A","url":"https:\/\/ascensoresramase.com\/ca\/","logo":{"@type":"ImageObject","inLanguage":"ca","@id":"https:\/\/ascensoresramase.com\/ca\/#\/schema\/logo\/image\/","url":"https:\/\/ascensoresramase.com\/wp-content\/uploads\/LOGO_ramase-web-1.png","contentUrl":"https:\/\/ascensoresramase.com\/wp-content\/uploads\/LOGO_ramase-web-1.png","width":234,"height":150,"caption":"RAMASE, S.A"},"image":{"@id":"https:\/\/ascensoresramase.com\/ca\/#\/schema\/logo\/image\/"}}]}},"_links":{"self":[{"href":"https:\/\/ascensoresramase.com\/ca\/wp-json\/wp\/v2\/pages\/6087","targetHints":{"allow":["GET"]}}],"collection":[{"href":"https:\/\/ascensoresramase.com\/ca\/wp-json\/wp\/v2\/pages"}],"about":[{"href":"https:\/\/ascensoresramase.com\/ca\/wp-json\/wp\/v2\/types\/page"}],"author":[{"embeddable":true,"href":"https:\/\/ascensoresramase.com\/ca\/wp-json\/wp\/v2\/users\/1"}],"replies":[{"embeddable":true,"href":"https:\/\/ascensoresramase.com\/ca\/wp-json\/wp\/v2\/comments?post=6087"}],"version-history":[{"count":0,"href":"https:\/\/ascensoresramase.com\/ca\/wp-json\/wp\/v2\/pages\/6087\/revisions"}],"wp:featuredmedia":[{"embeddable":true,"href":"https:\/\/ascensoresramase.com\/ca\/wp-json\/wp\/v2\/media\/6075"}],"wp:attachment":[{"href":"https:\/\/ascensoresramase.com\/ca\/wp-json\/wp\/v2\/media?parent=6087"}],"curies":[{"name":"wp","href":"https:\/\/api.w.org\/{rel}","templated":true}]}}